{"id":2,"date":"2024-10-17T18:29:42","date_gmt":"2024-10-17T16:29:42","guid":{"rendered":"http:\/\/tramontane.biz\/?page_id=2"},"modified":"2025-09-16T14:17:04","modified_gmt":"2025-09-16T12:17:04","slug":"page-d-exemple","status":"publish","type":"page","link":"https:\/\/tramontane.biz\/index.php\/page-d-exemple\/","title":{"rendered":"La Tramontane"},"content":{"rendered":"\n<p>La Tramontane est le nom donn\u00e9 \u00e0 plusieurs vents de M\u00e9diterran\u00e9e occidentale. En Catalogne et en Languedoc, la tramontane est le vent du nord-nord-ouest provenant des massifs montagneux et soufflant en direction du golfe du Lion.<\/p>\n\n\n\n<blockquote class=\"wp-block-quote is-layout-flow wp-block-quote-is-layout-flow\">\n<p>Pourquoi une soci\u00e9t\u00e9 de conseil baptis\u00e9e ainsi ?<\/p>\n<\/blockquote>\n\n\n\n<p>C&rsquo;est bien connu, la Tramontane est un vent fort, froid et sec. Ce vent qui passe \u00e0 travers la montagne pourrait m\u00eame rendre fou, selon Victor Hugo et Georges Brassens qui l&rsquo;a adapt\u00e9 dans sa chanson Gastibelza.<\/p>\n\n\n\n<p>Pour moi qui suis passionn\u00e9 par les sports de glisse, la Tramontane est une force motrice et la maitrise de sa puissance permet d&rsquo;atteindre des vitesses extr\u00eames, de sauter voir m\u00eame voler. C&rsquo;est aussi une source d&rsquo;\u00e9nergie prolifique pour les nombreuses \u00e9oliennes qui pars\u00e8ment les paysages d&rsquo;Occitanie.<\/p>\n\n\n\n<p>L&rsquo;id\u00e9e de Tramontane comme entreprise de conseil, c&rsquo;est celle de l&rsquo;utilisation d&rsquo;une \u00e9nergie vitale, naturelle, pour avancer et se transformer. C&rsquo;est la recherche de la performance au travers de la maitrise de son environnement.<\/p>\n\n\n\n<p><\/p>\n","protected":false},"excerpt":{"rendered":"<p>La Tramontane est le nom donn\u00e9 \u00e0 plusieurs vents de M\u00e9diterran\u00e9e occidentale. En Catalogne et en Languedoc, la tramontane est le vent du nord-nord-ouest provenant des massifs montagneux et soufflant en direction du golfe du Lion. Pourquoi une soci\u00e9t\u00e9 de conseil baptis\u00e9e ainsi ? C&rsquo;est bien connu, la Tramontane est un vent fort, froid et [&hellip;]<\/p>\n","protected":false},"author":1,"featured_media":21,"parent":0,"menu_order":0,"comment_status":"closed","ping_status":"open","template":"","meta":{"footnotes":""},"class_list":["post-2","page","type-page","status-publish","has-post-thumbnail","hentry"],"_links":{"self":[{"href":"https:\/\/tramontane.biz\/index.php\/wp-json\/wp\/v2\/pages\/2","targetHints":{"allow":["GET"]}}],"collection":[{"href":"https:\/\/tramontane.biz\/index.php\/wp-json\/wp\/v2\/pages"}],"about":[{"href":"https:\/\/tramontane.biz\/index.php\/wp-json\/wp\/v2\/types\/page"}],"author":[{"embeddable":true,"href":"https:\/\/tramontane.biz\/index.php\/wp-json\/wp\/v2\/users\/1"}],"replies":[{"embeddable":true,"href":"https:\/\/tramontane.biz\/index.php\/wp-json\/wp\/v2\/comments?post=2"}],"version-history":[{"count":6,"href":"https:\/\/tramontane.biz\/index.php\/wp-json\/wp\/v2\/pages\/2\/revisions"}],"predecessor-version":[{"id":69,"href":"https:\/\/tramontane.biz\/index.php\/wp-json\/wp\/v2\/pages\/2\/revisions\/69"}],"wp:featuredmedia":[{"embeddable":true,"href":"https:\/\/tramontane.biz\/index.php\/wp-json\/wp\/v2\/media\/21"}],"wp:attachment":[{"href":"https:\/\/tramontane.biz\/index.php\/wp-json\/wp\/v2\/media?parent=2"}],"curies":[{"name":"wp","href":"https:\/\/api.w.org\/{rel}","templated":true}]}}